{"id":5,"date":"2019-12-22T21:47:13","date_gmt":"2019-12-22T20:47:13","guid":{"rendered":"http:\/\/peloche-42.fr\/?page_id=5"},"modified":"2020-04-15T11:45:30","modified_gmt":"2020-04-15T09:45:30","slug":"le-nouveau-e-mucem-ouvre-ses-portes-2","status":"publish","type":"page","link":"https:\/\/peloche-42.fr\/","title":{"rendered":"Bienvenue sur le site de Peloche-42 !"},"content":{"rendered":"\n<div class=\"wp-block-group alignwide\"><div class=\"wp-block-group__inner-container is-layout-flow wp-block-group-is-layout-flow\">\n<h4 class=\"has-text-align-left wp-block-heading\">Amateur de Vid\u00e9o et de Photos depuis plusieurs ann\u00e9es, je souhaite partager ma passion avec un plus grand nombre de personnes. Je suis disponible pour faire divers reportages. Sur les r\u00e9gions: Rh\u00f4ne-Alpe, Auvergne, Bourgogne&#8230;<\/h4>\n\n\n\n<p style=\"font-size:31.25px\" class=\"has-text-align-right\"><strong>Francis Boaillon<\/strong><\/p>\n<\/div><\/div>\n\n\n\n<div class=\"wp-block-columns alignwide is-layout-flex wp-container-core-columns-is-layout-9d6595d7 wp-block-columns-is-layout-flex\">\n<div class=\"wp-block-column is-layout-flow wp-block-column-is-layout-flow\">\n<div class=\"wp-block-group\"><div class=\"wp-block-group__inner-container is-layout-flow wp-block-group-is-layout-flow\">\n<figure class=\"wp-block-image alignfull size-large is-style-default\"><img loading=\"lazy\" decoding=\"async\" width=\"576\" height=\"430\" src=\"https:\/\/peloche-42.fr\/wp-content\/uploads\/2020\/02\/video.jpg\" alt=\"\" class=\"wp-image-300\" srcset=\"https:\/\/peloche-42.fr\/wp-content\/uploads\/2020\/02\/video.jpg 576w, https:\/\/peloche-42.fr\/wp-content\/uploads\/2020\/02\/video-300x224.jpg 300w\" sizes=\"auto, (max-width: 576px) 100vw, 576px\" \/><figcaption><strong>Pr\u00e9sentation de vid\u00e9os<\/strong><\/figcaption><\/figure>\n\n\n\n<h3 class=\"wp-block-heading\">La derni\u00e8re vid\u00e9o de Francis<\/h3>\n\n\n\n<div class=\"wp-block-button is-style-outline is-style-outline--1\"><a class=\"wp-block-button__link has-text-color has-background-color has-background has-secondary-background-color\" href=\"https:\/\/peloche-42.fr\/index.php\/category\/reportages\/\">VOIR la suite<\/a><\/div>\n<\/div><\/div>\n\n\n\n<div class=\"wp-block-group is-layout-flow wp-block-group-is-layout-flow\"><div class=\"wp-block-group__inner-container\"><\/div><\/div>\n<\/div>\n\n\n\n<div class=\"wp-block-column is-layout-flow wp-block-column-is-layout-flow\">\n<div class=\"wp-block-group\"><div class=\"wp-block-group__inner-container is-layout-flow wp-block-group-is-layout-flow\">\n<figure class=\"wp-block-image alignfull size-large\"><img decoding=\"async\" src=\"https:\/\/peloche-42.fr\/wp-content\/uploads\/2020\/02\/diaporamas_accueil.jpg\" alt=\"\" class=\"wp-image-304\"\/><figcaption><strong>Pr\u00e9sentation de diaporamas<\/strong><\/figcaption><\/figure>\n\n\n\n<h3 class=\"wp-block-heading\">Le dernier diaporamas<\/h3>\n\n\n\n<div class=\"wp-block-button is-style-outline is-style-outline--2\"><a class=\"wp-block-button__link has-text-color has-background-color has-background has-secondary-background-color\" href=\"https:\/\/peloche-42.fr\/index.php\/category\/diapos\/\">vOIR la suite<\/a><\/div>\n<\/div><\/div>\n\n\n\n<div class=\"wp-block-group is-layout-flow wp-block-group-is-layout-flow\"><div class=\"wp-block-group__inner-container\"><\/div><\/div>\n<\/div>\n<\/div>\n\n\n\n<div class=\"wp-block-columns alignwide is-layout-flex wp-container-core-columns-is-layout-9d6595d7 wp-block-columns-is-layout-flex\">\n<div class=\"wp-block-column is-layout-flow wp-block-column-is-layout-flow\">\n<div class=\"wp-block-group\"><div class=\"wp-block-group__inner-container is-layout-flow wp-block-group-is-layout-flow\">\n<figure class=\"wp-block-image alignfull size-large is-style-default\"><img loading=\"lazy\" decoding=\"async\" width=\"576\" height=\"430\" src=\"https:\/\/peloche-42.fr\/wp-content\/uploads\/2020\/02\/photos_accueil.jpg\" alt=\"\" class=\"wp-image-307\" srcset=\"https:\/\/peloche-42.fr\/wp-content\/uploads\/2020\/02\/photos_accueil.jpg 576w, https:\/\/peloche-42.fr\/wp-content\/uploads\/2020\/02\/photos_accueil-300x224.jpg 300w\" sizes=\"auto, (max-width: 576px) 100vw, 576px\" \/><figcaption><strong>Pr\u00e9sentations de photos <\/strong><\/figcaption><\/figure>\n\n\n\n<h3 class=\"wp-block-heading\">La derni\u00e8re photos de Francis<\/h3>\n\n\n\n<div class=\"wp-block-button is-style-outline is-style-outline--3\"><a class=\"wp-block-button__link has-text-color has-background-color has-background has-secondary-background-color\" href=\"https:\/\/peloche-42.fr\/index.php\/paysages\/\">VOIR la suite<\/a><\/div>\n<\/div><\/div>\n\n\n\n<div class=\"wp-block-group is-layout-flow wp-block-group-is-layout-flow\"><div class=\"wp-block-group__inner-container\"><\/div><\/div>\n<\/div>\n\n\n\n<div class=\"wp-block-column is-layout-flow wp-block-column-is-layout-flow\">\n<div class=\"wp-block-group\"><div class=\"wp-block-group__inner-container is-layout-flow wp-block-group-is-layout-flow\">\n<figure class=\"wp-block-image alignfull size-large\"><img loading=\"lazy\" decoding=\"async\" width=\"1024\" height=\"768\" src=\"https:\/\/peloche-42.fr\/wp-content\/uploads\/2019\/12\/poesie-1024x768.jpg\" alt=\"\" class=\"wp-image-111\" srcset=\"https:\/\/peloche-42.fr\/wp-content\/uploads\/2019\/12\/poesie-1024x768.jpg 1024w, https:\/\/peloche-42.fr\/wp-content\/uploads\/2019\/12\/poesie-300x225.jpg 300w, https:\/\/peloche-42.fr\/wp-content\/uploads\/2019\/12\/poesie-768x576.jpg 768w, https:\/\/peloche-42.fr\/wp-content\/uploads\/2019\/12\/poesie-1536x1152.jpg 1536w, https:\/\/peloche-42.fr\/wp-content\/uploads\/2019\/12\/poesie-1200x900.jpg 1200w, https:\/\/peloche-42.fr\/wp-content\/uploads\/2019\/12\/poesie.jpg 1600w\" sizes=\"auto, (max-width: 1024px) 100vw, 1024px\" \/><figcaption><strong>Po\u00e9sies, lettres et contes<\/strong><\/figcaption><\/figure>\n\n\n\n<h3 class=\"wp-block-heading\">La derni\u00e8re po\u00e9sie de Martine<\/h3>\n\n\n\n<div class=\"wp-block-button is-style-outline is-style-outline--4\"><a class=\"wp-block-button__link has-text-color has-background-color has-background has-secondary-background-color\" href=\"https:\/\/peloche-42.fr\/index.php\/2003\/04\/20\/le-vent\/\">vOIR la suite<\/a><\/div>\n<\/div><\/div>\n\n\n\n<div class=\"wp-block-group is-layout-flow wp-block-group-is-layout-flow\"><div class=\"wp-block-group__inner-container\"><\/div><\/div>\n<\/div>\n<\/div>\n\n\n\n<figure class=\"wp-block-image alignfull size-large is-style-default\"><img decoding=\"async\" src=\"https:\/\/peloche-42.fr\/wp-content\/uploads\/2020\/02\/Bandeau_fb.jpg\" alt=\"\" class=\"wp-image-116\"\/><figcaption><strong>Photos prises par Francis<\/strong><\/figcaption><\/figure>\n\n\n\n<p><\/p>\n\n\n\n<figure class=\"wp-block-image size-large\"><img loading=\"lazy\" decoding=\"async\" width=\"1024\" height=\"768\" src=\"https:\/\/peloche-42.fr\/wp-content\/uploads\/2019\/12\/IMG_4445-1024x768.jpg\" alt=\"\" class=\"wp-image-106\" srcset=\"https:\/\/peloche-42.fr\/wp-content\/uploads\/2019\/12\/IMG_4445-1024x768.jpg 1024w, https:\/\/peloche-42.fr\/wp-content\/uploads\/2019\/12\/IMG_4445-300x225.jpg 300w, https:\/\/peloche-42.fr\/wp-content\/uploads\/2019\/12\/IMG_4445-768x576.jpg 768w, https:\/\/peloche-42.fr\/wp-content\/uploads\/2019\/12\/IMG_4445-1536x1152.jpg 1536w, https:\/\/peloche-42.fr\/wp-content\/uploads\/2019\/12\/IMG_4445-2048x1536.jpg 2048w, https:\/\/peloche-42.fr\/wp-content\/uploads\/2019\/12\/IMG_4445-1200x900.jpg 1200w, https:\/\/peloche-42.fr\/wp-content\/uploads\/2019\/12\/IMG_4445-1980x1485.jpg 1980w\" sizes=\"auto, (max-width: 1024px) 100vw, 1024px\" \/><\/figure>\n\n\n\n<h3 class=\"wp-block-heading\">Martine la liseuse de contes.<\/h3>\n\n\n\n<div class=\"wp-block-button aligncenter\"><a class=\"wp-block-button__link\" href=\"https:\/\/peloche-42.fr\/index.php\/category\/contes\/\">Rejoignez-l\u00e0<\/a><\/div>\n\n\n<p><!-- \/wp:post-content --><\/p>\n<p><!-- \/wp:group --><\/p>\n<p><!-- -- \n\n<p--><wp:gallery {\"ids\":[39,38],\"align\":\"wide\"}=\"\" --=\"\"><\/wp:gallery><\/p>\n<p><!-- \n\n\n\n\n\n\n\n<figure class=\"wp-block-gallery alignwide columns-2 is-cropped\">\n\n\n\n\n\n\n\n\n<ul class=\"blocks-gallery-grid\">\n\n\n\n\n\n\n\n\n<li class=\"blocks-gallery-item\">\n\n\n\n\n\n\n\n\n<figure><img decoding=\"async\" class=\"wp-image-39\" alt=\"\" src=\"https:\/\/peloche-42.fr\/wp-content\/themes\/twentytwenty\/assets\/images\/2020-square-2.png\" data-link=\"assets\/images\/2020-square-2\/\" data-full-url=\"https:\/\/peloche-42.fr\/wp-content\/themes\/twentytwenty\/assets\/images\/2020-square-2.png\" data-id=\"39\"><\/figure>\n\n\n\n\n\n\n\n\n<\/li>\n\n\n\n\n\n\n\n\n\n\n\n\n\n\n\n\n<li class=\"blocks-gallery-item\">\n\n\n\n\n\n\n\n\n<figure><img decoding=\"async\" class=\"wp-image-38\" alt=\"\" src=\"https:\/\/peloche-42.fr\/wp-content\/themes\/twentytwenty\/assets\/images\/2020-square-1.png\" data-link=\"https:\/\/peloche-42.fr\/wp-content\/themes\/twentytwenty\/assets\/images\/2020-square-1\/\" data-full-url=\"https:\/\/peloche-42.fr\/wp-content\/themes\/twentytwenty\/assets\/images\/2020-square-1.png\" data-id=\"38\"><\/figure>\n\n\n\n\n\n\n\n\n<\/li>\n\n\n\n\n\n\n\n\n<\/ul>\n\n\n\n\n\n\n\n\n<\/figure>\n\n\n\n\n\n\n\n --><\/p>\n<p><!-- \/wp:gallery --><\/p>\n<p><!-- wp:paragraph --><\/p>\n<p><!-- \/wp:paragraph --><\/p>","protected":false},"excerpt":{"rendered":"<p>Amateur de Vid\u00e9o et de Photos depuis plusieurs ann\u00e9es, je souhaite partager ma passion avec un plus grand nombre de personnes. Je suis disponible pour faire divers reportages. Sur les r\u00e9gions: Rh\u00f4ne-Alpe, Auvergne, Bourgogne&#8230; Francis Boaillon La derni\u00e8re vid\u00e9o de Francis Le dernier diaporamas La derni\u00e8re photos de Francis La derni\u00e8re po\u00e9sie de Martine Martine [&hellip;]<\/p>\n","protected":false},"author":1,"featured_media":639,"parent":0,"menu_order":0,"comment_status":"closed","ping_status":"closed","template":"","meta":{"footnotes":""},"class_list":["post-5","page","type-page","status-publish","has-post-thumbnail","hentry"],"_links":{"self":[{"href":"https:\/\/peloche-42.fr\/index.php\/wp-json\/wp\/v2\/pages\/5","targetHints":{"allow":["GET"]}}],"collection":[{"href":"https:\/\/peloche-42.fr\/index.php\/wp-json\/wp\/v2\/pages"}],"about":[{"href":"https:\/\/peloche-42.fr\/index.php\/wp-json\/wp\/v2\/types\/page"}],"author":[{"embeddable":true,"href":"https:\/\/peloche-42.fr\/index.php\/wp-json\/wp\/v2\/users\/1"}],"replies":[{"embeddable":true,"href":"https:\/\/peloche-42.fr\/index.php\/wp-json\/wp\/v2\/comments?post=5"}],"version-history":[{"count":22,"href":"https:\/\/peloche-42.fr\/index.php\/wp-json\/wp\/v2\/pages\/5\/revisions"}],"predecessor-version":[{"id":653,"href":"https:\/\/peloche-42.fr\/index.php\/wp-json\/wp\/v2\/pages\/5\/revisions\/653"}],"wp:featuredmedia":[{"embeddable":true,"href":"https:\/\/peloche-42.fr\/index.php\/wp-json\/wp\/v2\/media\/639"}],"wp:attachment":[{"href":"https:\/\/peloche-42.fr\/index.php\/wp-json\/wp\/v2\/media?parent=5"}],"curies":[{"name":"wp","href":"https:\/\/api.w.org\/{rel}","templated":true}]}}